{"id":36,"date":"2025-12-01T17:25:43","date_gmt":"2025-12-01T17:25:43","guid":{"rendered":"https:\/\/cocaworlds.org\/?page_id=36"},"modified":"2026-01-27T08:00:53","modified_gmt":"2026-01-27T13:00:53","slug":"exhibitions","status":"publish","type":"page","link":"https:\/\/cocaworlds.org\/es\/home\/exhibitions\/","title":{"rendered":"Exhibiciones"},"content":{"rendered":"<section class=\"section\" id=\"section_896888460\">\n\t\t<div class=\"section-bg fill\" >\n\t\t\t\t\t\t\t\t\t\n\t\t\t\n\n\t\t<\/div>\n\n\t\t\n\n\t\t<div class=\"section-content relative\">\n\t\t\t\n<div class=\"row align-center\"  id=\"row-598386171\">\n\n\t<div id=\"col-1583467005\" class=\"col small-12 large-12\"  >\n\t\t\t\t<div class=\"col-inner\"  >\n\t\t\t\n\t\t\t\n\t<div id=\"gap-1111580078\" class=\"gap-element clearfix\" style=\"display:block; height:auto;\">\n\t\t\n<style>\n#gap-1111580078 {\n  padding-top: 0px;\n}\n@media (min-width:550px) {\n  #gap-1111580078 {\n    padding-top: 0px;\n  }\n}\n<\/style>\n\t<\/div>\n\t\n\t<div id=\"text-3427770160\" class=\"text\">\n\t\t\n<h1 class=\"uppercase\"><strong>EXHIBICIONES<\/strong><\/h1>\n\t\t\n<style>\n#text-3427770160 {\n  font-size: 2.6rem;\n  line-height: 0.75;\n  text-align: left;\n}\n<\/style>\n\t<\/div>\n\t\n<div class=\"is-divider divider clearfix\" style=\"margin-top:1.8em;margin-bottom:1.8em;max-width:100%;height:1px;background-color:rgb(0, 0, 0);\"><\/div>\n\n  \n    <div class=\"row curved-corners show-for-medium large-columns-1 medium-columns-1 small-columns-1 row-large\" >\n  <div class=\"col post-item\" >\n\t\t\t<div class=\"col-inner\">\n\t\t\t\t<div class=\"box box-vertical box-text-middle box-blog-post has-hover\">\n            \t\t\t\t\t<div class=\"box-image\" style=\"width:50%;\">\n  \t\t\t\t\t\t<div class=\"image-glow image-cover\" style=\"padding-top:45%;\">\n\t\t\t\t\t\t\t<a href=\"https:\/\/cocaworlds.org\/es\/cocaworlds-at-the-un\/\" class=\"plain\" aria-label=\"Coca, Palabra-Mundo en Naciones Unidas\">\n\t\t\t\t\t\t\t\t<img loading=\"lazy\" decoding=\"async\" width=\"2560\" height=\"1707\" src=\"https:\/\/cocaworlds.org\/wp-content\/uploads\/2026\/01\/338A6088-Credito-Mariana-Reyes-scaled.jpg\" class=\"attachment-original size-original wp-post-image\" alt=\"\" srcset=\"https:\/\/cocaworlds.org\/wp-content\/uploads\/2026\/01\/338A6088-Credito-Mariana-Reyes-scaled.jpg 2560w, https:\/\/cocaworlds.org\/wp-content\/uploads\/2026\/01\/338A6088-Credito-Mariana-Reyes-300x200.jpg 300w, https:\/\/cocaworlds.org\/wp-content\/uploads\/2026\/01\/338A6088-Credito-Mariana-Reyes-1024x683.jpg 1024w, https:\/\/cocaworlds.org\/wp-content\/uploads\/2026\/01\/338A6088-Credito-Mariana-Reyes-768x512.jpg 768w, https:\/\/cocaworlds.org\/wp-content\/uploads\/2026\/01\/338A6088-Credito-Mariana-Reyes-1536x1024.jpg 1536w, https:\/\/cocaworlds.org\/wp-content\/uploads\/2026\/01\/338A6088-Credito-Mariana-Reyes-2048x1365.jpg 2048w, https:\/\/cocaworlds.org\/wp-content\/uploads\/2026\/01\/338A6088-Credito-Mariana-Reyes-18x12.jpg 18w\" sizes=\"auto, (max-width: 2560px) 100vw, 2560px\" \/>\t\t\t\t\t\t\t<\/a>\n  \t\t\t\t\t\t\t  \t\t\t\t\t\t\t  \t\t\t\t\t\t<\/div>\n  \t\t\t\t\t\t  \t\t\t\t\t<\/div>\n          \t\t\t\t\t<div class=\"box-text text-right\" >\n\t\t\t\t\t<div class=\"box-text-inner blog-post-inner\">\n\n\t\t\t\t\t\n\t\t\t\t\t\t\t\t\t\t<h5 class=\"post-title is-xlarge\">\n\t\t\t\t\t\t<a href=\"https:\/\/cocaworlds.org\/es\/cocaworlds-at-the-un\/\" class=\"plain\">Coca, Palabra-Mundo en Naciones Unidas<\/a>\n\t\t\t\t\t<\/h5>\n\t\t\t\t\t\t\t\t\t\t<div class=\"is-divider\"><\/div>\n\t\t\t\t\t\t\t\t\t\t<p class=\"from_the_blog_excerpt\">\n\t\t\t\t\t\tCoca, Palabra-Mundo fue una exposici\u00f3n curada por el Colectivo Liana que reivindic\u00f3 la hoja de coca como planta sagrada, pol\u00edtica y cultural en los territorios andino-amaz\u00f3nicos...\t\t\t\t\t<\/p>\n\t\t\t\t\t                    \n\t\t\t\t\t\t\t\t\t\t\t<a href=\"https:\/\/cocaworlds.org\/es\/cocaworlds-at-the-un\/\" class=\"button secondary is-default is-large mb-0\">\n\t\t\t\t\t\t\tContinuar leyendo\t\t\t\t\t\t<\/a>\n\t\t\t\t\t\n\t\t\t\t\t\n\t\t\t\t\t<\/div>\n\t\t\t\t\t<\/div>\n\t\t\t\t\t\t\t\t\t<\/div>\n\t\t\t<\/div>\n\t\t<\/div><div class=\"col post-item\" >\n\t\t\t<div class=\"col-inner\">\n\t\t\t\t<div class=\"box box-vertical box-text-middle box-blog-post has-hover\">\n            \t\t\t\t\t<div class=\"box-image\" style=\"width:50%;\">\n  \t\t\t\t\t\t<div class=\"image-glow image-cover\" style=\"padding-top:45%;\">\n\t\t\t\t\t\t\t<a href=\"https:\/\/cocaworlds.org\/es\/cocaworlds-at-taller-boricua\/\" class=\"plain\" aria-label=\"COCAWORLDS at Taller Boricua\">\n\t\t\t\t\t\t\t\t<img loading=\"lazy\" decoding=\"async\" width=\"1200\" height=\"800\" src=\"https:\/\/cocaworlds.org\/wp-content\/uploads\/2026\/01\/13.Opening-1-1.jpg\" class=\"attachment-original size-original wp-post-image\" alt=\"\" srcset=\"https:\/\/cocaworlds.org\/wp-content\/uploads\/2026\/01\/13.Opening-1-1.jpg 1200w, https:\/\/cocaworlds.org\/wp-content\/uploads\/2026\/01\/13.Opening-1-1-300x200.jpg 300w, https:\/\/cocaworlds.org\/wp-content\/uploads\/2026\/01\/13.Opening-1-1-1024x683.jpg 1024w, https:\/\/cocaworlds.org\/wp-content\/uploads\/2026\/01\/13.Opening-1-1-768x512.jpg 768w, https:\/\/cocaworlds.org\/wp-content\/uploads\/2026\/01\/13.Opening-1-1-18x12.jpg 18w\" sizes=\"auto, (max-width: 1200px) 100vw, 1200px\" \/>\t\t\t\t\t\t\t<\/a>\n  \t\t\t\t\t\t\t  \t\t\t\t\t\t\t  \t\t\t\t\t\t<\/div>\n  \t\t\t\t\t\t  \t\t\t\t\t<\/div>\n          \t\t\t\t\t<div class=\"box-text text-right\" >\n\t\t\t\t\t<div class=\"box-text-inner blog-post-inner\">\n\n\t\t\t\t\t\n\t\t\t\t\t\t\t\t\t\t<h5 class=\"post-title is-xlarge\">\n\t\t\t\t\t\t<a href=\"https:\/\/cocaworlds.org\/es\/cocaworlds-at-taller-boricua\/\" class=\"plain\">COCAWORLDS at Taller Boricua<\/a>\n\t\t\t\t\t<\/h5>\n\t\t\t\t\t\t\t\t\t\t<div class=\"is-divider\"><\/div>\n\t\t\t\t\t\t\t\t\t\t<p class=\"from_the_blog_excerpt\">\n\t\t\t\t\t\tCoca, Palabra-Mundo fue una exposici\u00f3n curada por el Colectivo Liana que reivindic\u00f3 la hoja de coca como planta sagrada, pol\u00edtica y cultural en los territorios andino-amaz\u00f3nicos. Exhibida primero...\t\t\t\t\t<\/p>\n\t\t\t\t\t                    \n\t\t\t\t\t\t\t\t\t\t\t<a href=\"https:\/\/cocaworlds.org\/es\/cocaworlds-at-taller-boricua\/\" class=\"button secondary is-default is-large mb-0\">\n\t\t\t\t\t\t\tContinuar leyendo\t\t\t\t\t\t<\/a>\n\t\t\t\t\t\n\t\t\t\t\t\n\t\t\t\t\t<\/div>\n\t\t\t\t\t<\/div>\n\t\t\t\t\t\t\t\t\t<\/div>\n\t\t\t<\/div>\n\t\t<\/div><div class=\"col post-item\" >\n\t\t\t<div class=\"col-inner\">\n\t\t\t\t<div class=\"box box-vertical box-text-middle box-blog-post has-hover\">\n            \t\t\t\t\t<div class=\"box-image\" style=\"width:50%;\">\n  \t\t\t\t\t\t<div class=\"image-glow image-cover\" style=\"padding-top:45%;\">\n\t\t\t\t\t\t\t<a href=\"https:\/\/cocaworlds.org\/es\/las-yerbas-apothecary\/\" class=\"plain\" aria-label=\"Las Yerbas Apothecary\">\n\t\t\t\t\t\t\t\t<img loading=\"lazy\" decoding=\"async\" width=\"2133\" height=\"1422\" src=\"https:\/\/cocaworlds.org\/wp-content\/uploads\/2026\/01\/Las-Yerbas-18_1.jpg\" class=\"attachment-original size-original wp-post-image\" alt=\"\" srcset=\"https:\/\/cocaworlds.org\/wp-content\/uploads\/2026\/01\/Las-Yerbas-18_1.jpg 2133w, https:\/\/cocaworlds.org\/wp-content\/uploads\/2026\/01\/Las-Yerbas-18_1-300x200.jpg 300w, https:\/\/cocaworlds.org\/wp-content\/uploads\/2026\/01\/Las-Yerbas-18_1-1024x683.jpg 1024w, https:\/\/cocaworlds.org\/wp-content\/uploads\/2026\/01\/Las-Yerbas-18_1-768x512.jpg 768w, https:\/\/cocaworlds.org\/wp-content\/uploads\/2026\/01\/Las-Yerbas-18_1-1536x1024.jpg 1536w, https:\/\/cocaworlds.org\/wp-content\/uploads\/2026\/01\/Las-Yerbas-18_1-2048x1365.jpg 2048w, https:\/\/cocaworlds.org\/wp-content\/uploads\/2026\/01\/Las-Yerbas-18_1-18x12.jpg 18w\" sizes=\"auto, (max-width: 2133px) 100vw, 2133px\" \/>\t\t\t\t\t\t\t<\/a>\n  \t\t\t\t\t\t\t  \t\t\t\t\t\t\t  \t\t\t\t\t\t<\/div>\n  \t\t\t\t\t\t  \t\t\t\t\t<\/div>\n          \t\t\t\t\t<div class=\"box-text text-right\" >\n\t\t\t\t\t<div class=\"box-text-inner blog-post-inner\">\n\n\t\t\t\t\t\n\t\t\t\t\t\t\t\t\t\t<h5 class=\"post-title is-xlarge\">\n\t\t\t\t\t\t<a href=\"https:\/\/cocaworlds.org\/es\/las-yerbas-apothecary\/\" class=\"plain\">Las Yerbas Apothecary<\/a>\n\t\t\t\t\t<\/h5>\n\t\t\t\t\t\t\t\t\t\t<div class=\"is-divider\"><\/div>\n\t\t\t\t\t\t\t\t\t\t<p class=\"from_the_blog_excerpt\">\n\t\t\t\t\t\tLas Yerbas Apothecary fue un espacio de investigaci\u00f3n interespecie dise\u00f1ado por el Colectivo Liana durante su residencia de verano en Canal Projects, en Nueva York. A lo largo de cuatro meses, Liana facilit\u00f3 una serie de talleres,...\t\t\t\t\t<\/p>\n\t\t\t\t\t                    \n\t\t\t\t\t\t\t\t\t\t\t<a href=\"https:\/\/cocaworlds.org\/es\/las-yerbas-apothecary\/\" class=\"button secondary is-default is-large mb-0\">\n\t\t\t\t\t\t\tContinuar leyendo\t\t\t\t\t\t<\/a>\n\t\t\t\t\t\n\t\t\t\t\t\n\t\t\t\t\t<\/div>\n\t\t\t\t\t<\/div>\n\t\t\t\t\t\t\t\t\t<\/div>\n\t\t\t<\/div>\n\t\t<\/div><\/div>\n\n  \n    <div class=\"row curved-corners-ex hide-for-medium large-columns-1 medium-columns-1 small-columns-1 row-large\" >\n  <div class=\"col post-item\" >\n\t\t\t<div class=\"col-inner\">\n\t\t\t\t<div class=\"box box-vertical box-text-middle box-blog-post has-hover\">\n            \t\t\t\t\t<div class=\"box-image\" style=\"width:50%;\">\n  \t\t\t\t\t\t<div class=\"image-glow image-cover\" style=\"padding-top:45%;\">\n\t\t\t\t\t\t\t<a href=\"https:\/\/cocaworlds.org\/es\/cocaworlds-at-the-un\/\" class=\"plain\" aria-label=\"Coca, Palabra-Mundo en Naciones Unidas\">\n\t\t\t\t\t\t\t\t<img loading=\"lazy\" decoding=\"async\" width=\"2560\" height=\"1707\" src=\"https:\/\/cocaworlds.org\/wp-content\/uploads\/2026\/01\/338A6088-Credito-Mariana-Reyes-scaled.jpg\" class=\"attachment-original size-original wp-post-image\" alt=\"\" srcset=\"https:\/\/cocaworlds.org\/wp-content\/uploads\/2026\/01\/338A6088-Credito-Mariana-Reyes-scaled.jpg 2560w, https:\/\/cocaworlds.org\/wp-content\/uploads\/2026\/01\/338A6088-Credito-Mariana-Reyes-300x200.jpg 300w, https:\/\/cocaworlds.org\/wp-content\/uploads\/2026\/01\/338A6088-Credito-Mariana-Reyes-1024x683.jpg 1024w, https:\/\/cocaworlds.org\/wp-content\/uploads\/2026\/01\/338A6088-Credito-Mariana-Reyes-768x512.jpg 768w, https:\/\/cocaworlds.org\/wp-content\/uploads\/2026\/01\/338A6088-Credito-Mariana-Reyes-1536x1024.jpg 1536w, https:\/\/cocaworlds.org\/wp-content\/uploads\/2026\/01\/338A6088-Credito-Mariana-Reyes-2048x1365.jpg 2048w, https:\/\/cocaworlds.org\/wp-content\/uploads\/2026\/01\/338A6088-Credito-Mariana-Reyes-18x12.jpg 18w\" sizes=\"auto, (max-width: 2560px) 100vw, 2560px\" \/>\t\t\t\t\t\t\t<\/a>\n  \t\t\t\t\t\t\t  \t\t\t\t\t\t\t  \t\t\t\t\t\t<\/div>\n  \t\t\t\t\t\t  \t\t\t\t\t<\/div>\n          \t\t\t\t\t<div class=\"box-text text-center\" >\n\t\t\t\t\t<div class=\"box-text-inner blog-post-inner\">\n\n\t\t\t\t\t\n\t\t\t\t\t\t\t\t\t\t<h5 class=\"post-title is-xlarge\">\n\t\t\t\t\t\t<a href=\"https:\/\/cocaworlds.org\/es\/cocaworlds-at-the-un\/\" class=\"plain\">Coca, Palabra-Mundo en Naciones Unidas<\/a>\n\t\t\t\t\t<\/h5>\n\t\t\t\t\t\t\t\t\t\t<div class=\"is-divider\"><\/div>\n\t\t\t\t\t\t\t\t\t\t<p class=\"from_the_blog_excerpt\">\n\t\t\t\t\t\tCoca, Palabra-Mundo fue una exposici\u00f3n curada por el Colectivo Liana que reivindic\u00f3 la hoja de coca como planta sagrada, pol\u00edtica y cultural en los territorios andino-amaz\u00f3nicos...\t\t\t\t\t<\/p>\n\t\t\t\t\t                    \n\t\t\t\t\t\t\t\t\t\t\t<a href=\"https:\/\/cocaworlds.org\/es\/cocaworlds-at-the-un\/\" class=\"button secondary is-default is-large mb-0\">\n\t\t\t\t\t\t\tContinuar leyendo\t\t\t\t\t\t<\/a>\n\t\t\t\t\t\n\t\t\t\t\t\n\t\t\t\t\t<\/div>\n\t\t\t\t\t<\/div>\n\t\t\t\t\t\t\t\t\t<\/div>\n\t\t\t<\/div>\n\t\t<\/div><div class=\"col post-item\" >\n\t\t\t<div class=\"col-inner\">\n\t\t\t\t<div class=\"box box-vertical box-text-middle box-blog-post has-hover\">\n            \t\t\t\t\t<div class=\"box-image\" style=\"width:50%;\">\n  \t\t\t\t\t\t<div class=\"image-glow image-cover\" style=\"padding-top:45%;\">\n\t\t\t\t\t\t\t<a href=\"https:\/\/cocaworlds.org\/es\/cocaworlds-at-taller-boricua\/\" class=\"plain\" aria-label=\"COCAWORLDS at Taller Boricua\">\n\t\t\t\t\t\t\t\t<img loading=\"lazy\" decoding=\"async\" width=\"1200\" height=\"800\" src=\"https:\/\/cocaworlds.org\/wp-content\/uploads\/2026\/01\/13.Opening-1-1.jpg\" class=\"attachment-original size-original wp-post-image\" alt=\"\" srcset=\"https:\/\/cocaworlds.org\/wp-content\/uploads\/2026\/01\/13.Opening-1-1.jpg 1200w, https:\/\/cocaworlds.org\/wp-content\/uploads\/2026\/01\/13.Opening-1-1-300x200.jpg 300w, https:\/\/cocaworlds.org\/wp-content\/uploads\/2026\/01\/13.Opening-1-1-1024x683.jpg 1024w, https:\/\/cocaworlds.org\/wp-content\/uploads\/2026\/01\/13.Opening-1-1-768x512.jpg 768w, https:\/\/cocaworlds.org\/wp-content\/uploads\/2026\/01\/13.Opening-1-1-18x12.jpg 18w\" sizes=\"auto, (max-width: 1200px) 100vw, 1200px\" \/>\t\t\t\t\t\t\t<\/a>\n  \t\t\t\t\t\t\t  \t\t\t\t\t\t\t  \t\t\t\t\t\t<\/div>\n  \t\t\t\t\t\t  \t\t\t\t\t<\/div>\n          \t\t\t\t\t<div class=\"box-text text-center\" >\n\t\t\t\t\t<div class=\"box-text-inner blog-post-inner\">\n\n\t\t\t\t\t\n\t\t\t\t\t\t\t\t\t\t<h5 class=\"post-title is-xlarge\">\n\t\t\t\t\t\t<a href=\"https:\/\/cocaworlds.org\/es\/cocaworlds-at-taller-boricua\/\" class=\"plain\">COCAWORLDS at Taller Boricua<\/a>\n\t\t\t\t\t<\/h5>\n\t\t\t\t\t\t\t\t\t\t<div class=\"is-divider\"><\/div>\n\t\t\t\t\t\t\t\t\t\t<p class=\"from_the_blog_excerpt\">\n\t\t\t\t\t\tCoca, Palabra-Mundo fue una exposici\u00f3n curada por el Colectivo Liana que reivindic\u00f3 la hoja de coca como planta sagrada, pol\u00edtica y cultural en los territorios andino-amaz\u00f3nicos. Exhibida primero...\t\t\t\t\t<\/p>\n\t\t\t\t\t                    \n\t\t\t\t\t\t\t\t\t\t\t<a href=\"https:\/\/cocaworlds.org\/es\/cocaworlds-at-taller-boricua\/\" class=\"button secondary is-default is-large mb-0\">\n\t\t\t\t\t\t\tContinuar leyendo\t\t\t\t\t\t<\/a>\n\t\t\t\t\t\n\t\t\t\t\t\n\t\t\t\t\t<\/div>\n\t\t\t\t\t<\/div>\n\t\t\t\t\t\t\t\t\t<\/div>\n\t\t\t<\/div>\n\t\t<\/div><div class=\"col post-item\" >\n\t\t\t<div class=\"col-inner\">\n\t\t\t\t<div class=\"box box-vertical box-text-middle box-blog-post has-hover\">\n            \t\t\t\t\t<div class=\"box-image\" style=\"width:50%;\">\n  \t\t\t\t\t\t<div class=\"image-glow image-cover\" style=\"padding-top:45%;\">\n\t\t\t\t\t\t\t<a href=\"https:\/\/cocaworlds.org\/es\/las-yerbas-apothecary\/\" class=\"plain\" aria-label=\"Las Yerbas Apothecary\">\n\t\t\t\t\t\t\t\t<img loading=\"lazy\" decoding=\"async\" width=\"2133\" height=\"1422\" src=\"https:\/\/cocaworlds.org\/wp-content\/uploads\/2026\/01\/Las-Yerbas-18_1.jpg\" class=\"attachment-original size-original wp-post-image\" alt=\"\" srcset=\"https:\/\/cocaworlds.org\/wp-content\/uploads\/2026\/01\/Las-Yerbas-18_1.jpg 2133w, https:\/\/cocaworlds.org\/wp-content\/uploads\/2026\/01\/Las-Yerbas-18_1-300x200.jpg 300w, https:\/\/cocaworlds.org\/wp-content\/uploads\/2026\/01\/Las-Yerbas-18_1-1024x683.jpg 1024w, https:\/\/cocaworlds.org\/wp-content\/uploads\/2026\/01\/Las-Yerbas-18_1-768x512.jpg 768w, https:\/\/cocaworlds.org\/wp-content\/uploads\/2026\/01\/Las-Yerbas-18_1-1536x1024.jpg 1536w, https:\/\/cocaworlds.org\/wp-content\/uploads\/2026\/01\/Las-Yerbas-18_1-2048x1365.jpg 2048w, https:\/\/cocaworlds.org\/wp-content\/uploads\/2026\/01\/Las-Yerbas-18_1-18x12.jpg 18w\" sizes=\"auto, (max-width: 2133px) 100vw, 2133px\" \/>\t\t\t\t\t\t\t<\/a>\n  \t\t\t\t\t\t\t  \t\t\t\t\t\t\t  \t\t\t\t\t\t<\/div>\n  \t\t\t\t\t\t  \t\t\t\t\t<\/div>\n          \t\t\t\t\t<div class=\"box-text text-center\" >\n\t\t\t\t\t<div class=\"box-text-inner blog-post-inner\">\n\n\t\t\t\t\t\n\t\t\t\t\t\t\t\t\t\t<h5 class=\"post-title is-xlarge\">\n\t\t\t\t\t\t<a href=\"https:\/\/cocaworlds.org\/es\/las-yerbas-apothecary\/\" class=\"plain\">Las Yerbas Apothecary<\/a>\n\t\t\t\t\t<\/h5>\n\t\t\t\t\t\t\t\t\t\t<div class=\"is-divider\"><\/div>\n\t\t\t\t\t\t\t\t\t\t<p class=\"from_the_blog_excerpt\">\n\t\t\t\t\t\tLas Yerbas Apothecary fue un espacio de investigaci\u00f3n interespecie dise\u00f1ado por el Colectivo Liana durante su residencia de verano en Canal Projects, en Nueva York. A lo largo de cuatro meses, Liana facilit\u00f3 una serie de talleres,...\t\t\t\t\t<\/p>\n\t\t\t\t\t                    \n\t\t\t\t\t\t\t\t\t\t\t<a href=\"https:\/\/cocaworlds.org\/es\/las-yerbas-apothecary\/\" class=\"button secondary is-default is-large mb-0\">\n\t\t\t\t\t\t\tContinuar leyendo\t\t\t\t\t\t<\/a>\n\t\t\t\t\t\n\t\t\t\t\t\n\t\t\t\t\t<\/div>\n\t\t\t\t\t<\/div>\n\t\t\t\t\t\t\t\t\t<\/div>\n\t\t\t<\/div>\n\t\t<\/div><\/div>\n\t\t<\/div>\n\t\t\t\t\t<\/div>\n\n\t\n<\/div>\n\t<div id=\"gap-529970775\" class=\"gap-element clearfix\" style=\"display:block; height:auto;\">\n\t\t\n<style>\n#gap-529970775 {\n  padding-top: 0px;\n}\n@media (min-width:550px) {\n  #gap-529970775 {\n    padding-top: 100px;\n  }\n}\n<\/style>\n\t<\/div>\n\t\n\t\t<\/div>\n\n\t\t\n<style>\n#section_896888460 {\n  padding-top: 30px;\n  padding-bottom: 30px;\n}\n@media (min-width:550px) {\n  #section_896888460 {\n    padding-top: 60px;\n    padding-bottom: 60px;\n  }\n}\n<\/style>\n\t<\/section>","protected":false},"excerpt":{"rendered":"","protected":false},"author":2,"featured_media":4184,"parent":5,"menu_order":3,"comment_status":"closed","ping_status":"closed","template":"page-blank.php","meta":{"footnotes":""},"class_list":["post-36","page","type-page","status-publish","has-post-thumbnail","hentry"],"yoast_head":"<!-- This site is optimized with the Yoast SEO plugin v27.4 - https:\/\/yoast.com\/product\/yoast-seo-wordpress\/ -->\n<title>Exhibitions - COCAWORLDS<\/title>\n<meta name=\"robots\" content=\"index, follow, max-snippet:-1, max-image-preview:large, max-video-preview:-1\" \/>\n<link rel=\"canonical\" href=\"https:\/\/cocaworlds.org\/es\/home\/exhibitions\/\" \/>\n<meta property=\"og:locale\" content=\"es_ES\" \/>\n<meta property=\"og:type\" content=\"article\" \/>\n<meta property=\"og:title\" content=\"Exhibitions - COCAWORLDS\" \/>\n<meta property=\"og:url\" content=\"https:\/\/cocaworlds.org\/es\/home\/exhibitions\/\" \/>\n<meta property=\"og:site_name\" content=\"COCAWORLDS\" \/>\n<meta property=\"article:modified_time\" content=\"2026-01-27T13:00:53+00:00\" \/>\n<meta property=\"og:image\" content=\"https:\/\/cocaworlds.org\/wp-content\/uploads\/2026\/01\/COCAWORLDS.jpeg\" \/>\n\t<meta property=\"og:image:width\" content=\"1134\" \/>\n\t<meta property=\"og:image:height\" content=\"540\" \/>\n\t<meta property=\"og:image:type\" content=\"image\/jpeg\" \/>\n<meta name=\"twitter:card\" content=\"summary_large_image\" \/>\n<meta name=\"twitter:title\" content=\"Exhibitions - COCAWORLDS\" \/>\n<meta name=\"twitter:image\" content=\"https:\/\/cocaworlds.org\/wp-content\/uploads\/2026\/01\/COCAWORLDS.jpeg\" \/>\n<meta name=\"twitter:label1\" content=\"Tiempo de lectura\" \/>\n\t<meta name=\"twitter:data1\" content=\"1 minuto\" \/>\n<script type=\"application\/ld+json\" class=\"yoast-schema-graph\">{\"@context\":\"https:\\\/\\\/schema.org\",\"@graph\":[{\"@type\":\"WebPage\",\"@id\":\"https:\\\/\\\/cocaworlds.org\\\/home\\\/exhibitions\\\/\",\"url\":\"https:\\\/\\\/cocaworlds.org\\\/home\\\/exhibitions\\\/\",\"name\":\"Exhibitions - COCAWORLDS\",\"isPartOf\":{\"@id\":\"https:\\\/\\\/cocaworlds.org\\\/#website\"},\"primaryImageOfPage\":{\"@id\":\"https:\\\/\\\/cocaworlds.org\\\/home\\\/exhibitions\\\/#primaryimage\"},\"image\":{\"@id\":\"https:\\\/\\\/cocaworlds.org\\\/home\\\/exhibitions\\\/#primaryimage\"},\"thumbnailUrl\":\"https:\\\/\\\/cocaworlds.org\\\/wp-content\\\/uploads\\\/2026\\\/01\\\/COCAWORLDS.jpeg\",\"datePublished\":\"2025-12-01T17:25:43+00:00\",\"dateModified\":\"2026-01-27T13:00:53+00:00\",\"breadcrumb\":{\"@id\":\"https:\\\/\\\/cocaworlds.org\\\/home\\\/exhibitions\\\/#breadcrumb\"},\"inLanguage\":\"es-CO\",\"potentialAction\":[{\"@type\":\"ReadAction\",\"target\":[\"https:\\\/\\\/cocaworlds.org\\\/home\\\/exhibitions\\\/\"]}]},{\"@type\":\"ImageObject\",\"inLanguage\":\"es-CO\",\"@id\":\"https:\\\/\\\/cocaworlds.org\\\/home\\\/exhibitions\\\/#primaryimage\",\"url\":\"https:\\\/\\\/cocaworlds.org\\\/wp-content\\\/uploads\\\/2026\\\/01\\\/COCAWORLDS.jpeg\",\"contentUrl\":\"https:\\\/\\\/cocaworlds.org\\\/wp-content\\\/uploads\\\/2026\\\/01\\\/COCAWORLDS.jpeg\",\"width\":1134,\"height\":540},{\"@type\":\"BreadcrumbList\",\"@id\":\"https:\\\/\\\/cocaworlds.org\\\/home\\\/exhibitions\\\/#breadcrumb\",\"itemListElement\":[{\"@type\":\"ListItem\",\"position\":1,\"name\":\"Home\",\"item\":\"https:\\\/\\\/cocaworlds.org\\\/\"},{\"@type\":\"ListItem\",\"position\":2,\"name\":\"Home\",\"item\":\"https:\\\/\\\/cocaworlds.org\\\/\"},{\"@type\":\"ListItem\",\"position\":3,\"name\":\"Exhibitions\"}]},{\"@type\":\"WebSite\",\"@id\":\"https:\\\/\\\/cocaworlds.org\\\/#website\",\"url\":\"https:\\\/\\\/cocaworlds.org\\\/\",\"name\":\"COCAWORLDS\",\"description\":\"\",\"potentialAction\":[{\"@type\":\"SearchAction\",\"target\":{\"@type\":\"EntryPoint\",\"urlTemplate\":\"https:\\\/\\\/cocaworlds.org\\\/?s={search_term_string}\"},\"query-input\":{\"@type\":\"PropertyValueSpecification\",\"valueRequired\":true,\"valueName\":\"search_term_string\"}}],\"inLanguage\":\"es-CO\"}]}<\/script>\n<!-- \/ Yoast SEO plugin. -->","yoast_head_json":{"title":"Exhibiciones - COCAWORLDS","robots":{"index":"index","follow":"follow","max-snippet":"max-snippet:-1","max-image-preview":"max-image-preview:large","max-video-preview":"max-video-preview:-1"},"canonical":"https:\/\/cocaworlds.org\/es\/home\/exhibitions\/","og_locale":"es_ES","og_type":"article","og_title":"Exhibitions - COCAWORLDS","og_url":"https:\/\/cocaworlds.org\/es\/home\/exhibitions\/","og_site_name":"COCAWORLDS","article_modified_time":"2026-01-27T13:00:53+00:00","og_image":[{"width":1134,"height":540,"url":"https:\/\/cocaworlds.org\/wp-content\/uploads\/2026\/01\/COCAWORLDS.jpeg","type":"image\/jpeg"}],"twitter_card":"summary_large_image","twitter_title":"Exhibitions - COCAWORLDS","twitter_image":"https:\/\/cocaworlds.org\/wp-content\/uploads\/2026\/01\/COCAWORLDS.jpeg","twitter_misc":{"Tiempo de lectura":"1 minuto"},"schema":{"@context":"https:\/\/schema.org","@graph":[{"@type":"WebPage","@id":"https:\/\/cocaworlds.org\/home\/exhibitions\/","url":"https:\/\/cocaworlds.org\/home\/exhibitions\/","name":"Exhibiciones - COCAWORLDS","isPartOf":{"@id":"https:\/\/cocaworlds.org\/#website"},"primaryImageOfPage":{"@id":"https:\/\/cocaworlds.org\/home\/exhibitions\/#primaryimage"},"image":{"@id":"https:\/\/cocaworlds.org\/home\/exhibitions\/#primaryimage"},"thumbnailUrl":"https:\/\/cocaworlds.org\/wp-content\/uploads\/2026\/01\/COCAWORLDS.jpeg","datePublished":"2025-12-01T17:25:43+00:00","dateModified":"2026-01-27T13:00:53+00:00","breadcrumb":{"@id":"https:\/\/cocaworlds.org\/home\/exhibitions\/#breadcrumb"},"inLanguage":"es-CO","potentialAction":[{"@type":"ReadAction","target":["https:\/\/cocaworlds.org\/home\/exhibitions\/"]}]},{"@type":"ImageObject","inLanguage":"es-CO","@id":"https:\/\/cocaworlds.org\/home\/exhibitions\/#primaryimage","url":"https:\/\/cocaworlds.org\/wp-content\/uploads\/2026\/01\/COCAWORLDS.jpeg","contentUrl":"https:\/\/cocaworlds.org\/wp-content\/uploads\/2026\/01\/COCAWORLDS.jpeg","width":1134,"height":540},{"@type":"BreadcrumbList","@id":"https:\/\/cocaworlds.org\/home\/exhibitions\/#breadcrumb","itemListElement":[{"@type":"ListItem","position":1,"name":"Home","item":"https:\/\/cocaworlds.org\/"},{"@type":"ListItem","position":2,"name":"Home","item":"https:\/\/cocaworlds.org\/"},{"@type":"ListItem","position":3,"name":"Exhibitions"}]},{"@type":"WebSite","@id":"https:\/\/cocaworlds.org\/#website","url":"https:\/\/cocaworlds.org\/","name":"COCAWORLDS","description":"","potentialAction":[{"@type":"SearchAction","target":{"@type":"EntryPoint","urlTemplate":"https:\/\/cocaworlds.org\/?s={search_term_string}"},"query-input":{"@type":"PropertyValueSpecification","valueRequired":true,"valueName":"search_term_string"}}],"inLanguage":"es-CO"}]}},"_hostinger_reach_plugin_has_subscription_block":false,"_hostinger_reach_plugin_is_elementor":false,"wps_subtitle":"","_links":{"self":[{"href":"https:\/\/cocaworlds.org\/es\/wp-json\/wp\/v2\/pages\/36","targetHints":{"allow":["GET"]}}],"collection":[{"href":"https:\/\/cocaworlds.org\/es\/wp-json\/wp\/v2\/pages"}],"about":[{"href":"https:\/\/cocaworlds.org\/es\/wp-json\/wp\/v2\/types\/page"}],"author":[{"embeddable":true,"href":"https:\/\/cocaworlds.org\/es\/wp-json\/wp\/v2\/users\/2"}],"replies":[{"embeddable":true,"href":"https:\/\/cocaworlds.org\/es\/wp-json\/wp\/v2\/comments?post=36"}],"version-history":[{"count":34,"href":"https:\/\/cocaworlds.org\/es\/wp-json\/wp\/v2\/pages\/36\/revisions"}],"predecessor-version":[{"id":4588,"href":"https:\/\/cocaworlds.org\/es\/wp-json\/wp\/v2\/pages\/36\/revisions\/4588"}],"up":[{"embeddable":true,"href":"https:\/\/cocaworlds.org\/es\/wp-json\/wp\/v2\/pages\/5"}],"wp:featuredmedia":[{"embeddable":true,"href":"https:\/\/cocaworlds.org\/es\/wp-json\/wp\/v2\/media\/4184"}],"wp:attachment":[{"href":"https:\/\/cocaworlds.org\/es\/wp-json\/wp\/v2\/media?parent=36"}],"curies":[{"name":"wp","href":"https:\/\/api.w.org\/{rel}","templated":true}]}}