{"id":30,"date":"2025-12-01T17:21:55","date_gmt":"2025-12-01T17:21:55","guid":{"rendered":"https:\/\/cocaworlds.org\/?page_id=30"},"modified":"2026-01-22T22:24:00","modified_gmt":"2026-01-23T03:24:00","slug":"artworks","status":"publish","type":"page","link":"https:\/\/cocaworlds.org\/es\/home\/artworks\/","title":{"rendered":"OBRAS"},"content":{"rendered":"","protected":false},"excerpt":{"rendered":"","protected":false},"author":2,"featured_media":4184,"parent":5,"menu_order":1,"comment_status":"closed","ping_status":"closed","template":"page-featured-items-4col.php","meta":{"footnotes":""},"class_list":["post-30","page","type-page","status-publish","has-post-thumbnail","hentry"],"yoast_head":"<!-- This site is optimized with the Yoast SEO plugin v27.4 - https:\/\/yoast.com\/product\/yoast-seo-wordpress\/ -->\n<title>Artworks - COCAWORLDS<\/title>\n<meta name=\"description\" content=\"COCAWORLDS brings together a powerful constellation of artworks that explore the biological, political, and cultural dimensions of the coca plant.\" \/>\n<meta name=\"robots\" content=\"index, follow, max-snippet:-1, max-image-preview:large, max-video-preview:-1\" \/>\n<link rel=\"canonical\" href=\"https:\/\/cocaworlds.org\/es\/home\/artworks\/\" \/>\n<meta property=\"og:locale\" content=\"es_ES\" \/>\n<meta property=\"og:type\" content=\"article\" \/>\n<meta property=\"og:title\" content=\"Artworks - COCAWORLDS\" \/>\n<meta property=\"og:description\" content=\"COCAWORLDS brings together a powerful constellation of artworks that explore the biological, political, and cultural dimensions of the coca plant.\" \/>\n<meta property=\"og:url\" content=\"https:\/\/cocaworlds.org\/es\/home\/artworks\/\" \/>\n<meta property=\"og:site_name\" content=\"COCAWORLDS\" \/>\n<meta property=\"article:modified_time\" content=\"2026-01-23T03:24:00+00:00\" \/>\n<meta property=\"og:image\" content=\"https:\/\/cocaworlds.org\/wp-content\/uploads\/2026\/01\/COCAWORLDS.jpeg\" \/>\n\t<meta property=\"og:image:width\" content=\"1134\" \/>\n\t<meta property=\"og:image:height\" content=\"540\" \/>\n\t<meta property=\"og:image:type\" content=\"image\/jpeg\" \/>\n<meta name=\"twitter:card\" content=\"summary_large_image\" \/>\n<meta name=\"twitter:title\" content=\"Artworks - COCAWORLDS\" \/>\n<meta name=\"twitter:description\" content=\"COCAWORLDS brings together a powerful constellation of artworks that explore the biological, political, and cultural dimensions of the coca plant.\" \/>\n<meta name=\"twitter:image\" content=\"https:\/\/cocaworlds.org\/wp-content\/uploads\/2026\/01\/COCAWORLDS.jpeg\" \/>\n<meta name=\"twitter:label1\" content=\"Tiempo de lectura\" \/>\n\t<meta name=\"twitter:data1\" content=\"1 minuto\" \/>\n<script type=\"application\/ld+json\" class=\"yoast-schema-graph\">{\"@context\":\"https:\\\/\\\/schema.org\",\"@graph\":[{\"@type\":\"WebPage\",\"@id\":\"https:\\\/\\\/cocaworlds.org\\\/home\\\/artworks\\\/\",\"url\":\"https:\\\/\\\/cocaworlds.org\\\/home\\\/artworks\\\/\",\"name\":\"Artworks - COCAWORLDS\",\"isPartOf\":{\"@id\":\"https:\\\/\\\/cocaworlds.org\\\/#website\"},\"primaryImageOfPage\":{\"@id\":\"https:\\\/\\\/cocaworlds.org\\\/home\\\/artworks\\\/#primaryimage\"},\"image\":{\"@id\":\"https:\\\/\\\/cocaworlds.org\\\/home\\\/artworks\\\/#primaryimage\"},\"thumbnailUrl\":\"https:\\\/\\\/cocaworlds.org\\\/wp-content\\\/uploads\\\/2026\\\/01\\\/COCAWORLDS.jpeg\",\"datePublished\":\"2025-12-01T17:21:55+00:00\",\"dateModified\":\"2026-01-23T03:24:00+00:00\",\"description\":\"COCAWORLDS brings together a powerful constellation of artworks that explore the biological, political, and cultural dimensions of the coca plant.\",\"breadcrumb\":{\"@id\":\"https:\\\/\\\/cocaworlds.org\\\/home\\\/artworks\\\/#breadcrumb\"},\"inLanguage\":\"es-CO\",\"potentialAction\":[{\"@type\":\"ReadAction\",\"target\":[\"https:\\\/\\\/cocaworlds.org\\\/home\\\/artworks\\\/\"]}]},{\"@type\":\"ImageObject\",\"inLanguage\":\"es-CO\",\"@id\":\"https:\\\/\\\/cocaworlds.org\\\/home\\\/artworks\\\/#primaryimage\",\"url\":\"https:\\\/\\\/cocaworlds.org\\\/wp-content\\\/uploads\\\/2026\\\/01\\\/COCAWORLDS.jpeg\",\"contentUrl\":\"https:\\\/\\\/cocaworlds.org\\\/wp-content\\\/uploads\\\/2026\\\/01\\\/COCAWORLDS.jpeg\",\"width\":1134,\"height\":540},{\"@type\":\"BreadcrumbList\",\"@id\":\"https:\\\/\\\/cocaworlds.org\\\/home\\\/artworks\\\/#breadcrumb\",\"itemListElement\":[{\"@type\":\"ListItem\",\"position\":1,\"name\":\"Home\",\"item\":\"https:\\\/\\\/cocaworlds.org\\\/\"},{\"@type\":\"ListItem\",\"position\":2,\"name\":\"Home\",\"item\":\"https:\\\/\\\/cocaworlds.org\\\/\"},{\"@type\":\"ListItem\",\"position\":3,\"name\":\"Artworks\"}]},{\"@type\":\"WebSite\",\"@id\":\"https:\\\/\\\/cocaworlds.org\\\/#website\",\"url\":\"https:\\\/\\\/cocaworlds.org\\\/\",\"name\":\"COCAWORLDS\",\"description\":\"\",\"potentialAction\":[{\"@type\":\"SearchAction\",\"target\":{\"@type\":\"EntryPoint\",\"urlTemplate\":\"https:\\\/\\\/cocaworlds.org\\\/?s={search_term_string}\"},\"query-input\":{\"@type\":\"PropertyValueSpecification\",\"valueRequired\":true,\"valueName\":\"search_term_string\"}}],\"inLanguage\":\"es-CO\"}]}<\/script>\n<!-- \/ Yoast SEO plugin. -->","yoast_head_json":{"title":"Obras - COCAWORLDS","description":"COCAWORLDS re\u00fane una poderosa constelaci\u00f3n de obras de arte que exploran las dimensiones biol\u00f3gicas, pol\u00edticas y culturales de la planta de coca.","robots":{"index":"index","follow":"follow","max-snippet":"max-snippet:-1","max-image-preview":"max-image-preview:large","max-video-preview":"max-video-preview:-1"},"canonical":"https:\/\/cocaworlds.org\/es\/home\/artworks\/","og_locale":"es_ES","og_type":"article","og_title":"Artworks - COCAWORLDS","og_description":"COCAWORLDS brings together a powerful constellation of artworks that explore the biological, political, and cultural dimensions of the coca plant.","og_url":"https:\/\/cocaworlds.org\/es\/home\/artworks\/","og_site_name":"COCAWORLDS","article_modified_time":"2026-01-23T03:24:00+00:00","og_image":[{"width":1134,"height":540,"url":"https:\/\/cocaworlds.org\/wp-content\/uploads\/2026\/01\/COCAWORLDS.jpeg","type":"image\/jpeg"}],"twitter_card":"summary_large_image","twitter_title":"Artworks - COCAWORLDS","twitter_description":"COCAWORLDS brings together a powerful constellation of artworks that explore the biological, political, and cultural dimensions of the coca plant.","twitter_image":"https:\/\/cocaworlds.org\/wp-content\/uploads\/2026\/01\/COCAWORLDS.jpeg","twitter_misc":{"Tiempo de lectura":"1 minuto"},"schema":{"@context":"https:\/\/schema.org","@graph":[{"@type":"WebPage","@id":"https:\/\/cocaworlds.org\/home\/artworks\/","url":"https:\/\/cocaworlds.org\/home\/artworks\/","name":"Obras - COCAWORLDS","isPartOf":{"@id":"https:\/\/cocaworlds.org\/#website"},"primaryImageOfPage":{"@id":"https:\/\/cocaworlds.org\/home\/artworks\/#primaryimage"},"image":{"@id":"https:\/\/cocaworlds.org\/home\/artworks\/#primaryimage"},"thumbnailUrl":"https:\/\/cocaworlds.org\/wp-content\/uploads\/2026\/01\/COCAWORLDS.jpeg","datePublished":"2025-12-01T17:21:55+00:00","dateModified":"2026-01-23T03:24:00+00:00","description":"COCAWORLDS re\u00fane una poderosa constelaci\u00f3n de obras de arte que exploran las dimensiones biol\u00f3gicas, pol\u00edticas y culturales de la planta de coca.","breadcrumb":{"@id":"https:\/\/cocaworlds.org\/home\/artworks\/#breadcrumb"},"inLanguage":"es-CO","potentialAction":[{"@type":"ReadAction","target":["https:\/\/cocaworlds.org\/home\/artworks\/"]}]},{"@type":"ImageObject","inLanguage":"es-CO","@id":"https:\/\/cocaworlds.org\/home\/artworks\/#primaryimage","url":"https:\/\/cocaworlds.org\/wp-content\/uploads\/2026\/01\/COCAWORLDS.jpeg","contentUrl":"https:\/\/cocaworlds.org\/wp-content\/uploads\/2026\/01\/COCAWORLDS.jpeg","width":1134,"height":540},{"@type":"BreadcrumbList","@id":"https:\/\/cocaworlds.org\/home\/artworks\/#breadcrumb","itemListElement":[{"@type":"ListItem","position":1,"name":"Home","item":"https:\/\/cocaworlds.org\/"},{"@type":"ListItem","position":2,"name":"Home","item":"https:\/\/cocaworlds.org\/"},{"@type":"ListItem","position":3,"name":"Artworks"}]},{"@type":"WebSite","@id":"https:\/\/cocaworlds.org\/#website","url":"https:\/\/cocaworlds.org\/","name":"COCAWORLDS","description":"","potentialAction":[{"@type":"SearchAction","target":{"@type":"EntryPoint","urlTemplate":"https:\/\/cocaworlds.org\/?s={search_term_string}"},"query-input":{"@type":"PropertyValueSpecification","valueRequired":true,"valueName":"search_term_string"}}],"inLanguage":"es-CO"}]}},"_hostinger_reach_plugin_has_subscription_block":false,"_hostinger_reach_plugin_is_elementor":false,"wps_subtitle":"","_links":{"self":[{"href":"https:\/\/cocaworlds.org\/es\/wp-json\/wp\/v2\/pages\/30","targetHints":{"allow":["GET"]}}],"collection":[{"href":"https:\/\/cocaworlds.org\/es\/wp-json\/wp\/v2\/pages"}],"about":[{"href":"https:\/\/cocaworlds.org\/es\/wp-json\/wp\/v2\/types\/page"}],"author":[{"embeddable":true,"href":"https:\/\/cocaworlds.org\/es\/wp-json\/wp\/v2\/users\/2"}],"replies":[{"embeddable":true,"href":"https:\/\/cocaworlds.org\/es\/wp-json\/wp\/v2\/comments?post=30"}],"version-history":[{"count":4,"href":"https:\/\/cocaworlds.org\/es\/wp-json\/wp\/v2\/pages\/30\/revisions"}],"predecessor-version":[{"id":800,"href":"https:\/\/cocaworlds.org\/es\/wp-json\/wp\/v2\/pages\/30\/revisions\/800"}],"up":[{"embeddable":true,"href":"https:\/\/cocaworlds.org\/es\/wp-json\/wp\/v2\/pages\/5"}],"wp:featuredmedia":[{"embeddable":true,"href":"https:\/\/cocaworlds.org\/es\/wp-json\/wp\/v2\/media\/4184"}],"wp:attachment":[{"href":"https:\/\/cocaworlds.org\/es\/wp-json\/wp\/v2\/media?parent=30"}],"curies":[{"name":"wp","href":"https:\/\/api.w.org\/{rel}","templated":true}]}}