{"id":1714,"date":"2025-12-30T18:22:36","date_gmt":"2025-12-30T18:22:36","guid":{"rendered":"https:\/\/cocaworlds.org\/?page_id=1714"},"modified":"2026-03-12T17:17:57","modified_gmt":"2026-03-12T22:17:57","slug":"blog","status":"publish","type":"page","link":"https:\/\/cocaworlds.org\/es\/home\/blog\/","title":{"rendered":"Blog"},"content":{"rendered":"<section class=\"section\" id=\"section_652086608\">\n\t\t<div class=\"section-bg fill\" >\n\t\t\t\t\t\t\t\t\t\n\t\t\t\n\n\t\t<\/div>\n\n\t\t\n\n\t\t<div class=\"section-content relative\">\n\t\t\t\n<div class=\"row align-center\"  id=\"row-1160880151\">\n\n\t<div id=\"col-390292313\" class=\"col small-12 large-12\"  >\n\t\t\t\t<div class=\"col-inner\"  >\n\t\t\t\n\t\t\t\n\t<div id=\"text-3841695009\" class=\"text\">\n\t\t\n<h1 class=\"uppercase\"><strong>BLOG<\/strong><\/h1>\n\t\t\n<style>\n#text-3841695009 {\n  font-size: 2.6rem;\n  line-height: 0.75;\n  text-align: left;\n}\n<\/style>\n\t<\/div>\n\t\n\t\t<\/div>\n\t\t\t\t\n<style>\n#col-390292313 > .col-inner {\n  margin: 0px 0px -35px 0px;\n}\n<\/style>\n\t<\/div>\n\n\t\n\n\t<div id=\"col-333695764\" class=\"col small-12 large-12\"  >\n\t\t\t\t<div class=\"col-inner\"  >\n\t\t\t\n\t\t\t\n\n  \n    <div class=\"row curved-corners large-columns-2 medium-columns-1 small-columns-1 row-large\" >\n  <div class=\"col post-item\" >\n\t\t\t<div class=\"col-inner\">\n\t\t\t\t<div class=\"box box-normal box-text-bottom box-blog-post has-hover\">\n            \t\t\t\t\t<div class=\"box-image\" >\n  \t\t\t\t\t\t<div class=\"image-glow image-glow image-cover\" style=\"padding-top:40%;\">\n\t\t\t\t\t\t\t<a href=\"https:\/\/cocaworlds.org\/es\/los-confundidos-the-confused-a-documentary-about-coca-at-the-un\/\" class=\"plain\" aria-label=\"&#8220;Los Confundidos&#8221; (The Confused): a documentary about coca at the UN\">\n\t\t\t\t\t\t\t\t<img loading=\"lazy\" decoding=\"async\" width=\"1600\" height=\"900\" src=\"https:\/\/cocaworlds.org\/wp-content\/uploads\/2026\/03\/Los-Confundidos-II.jpeg\" class=\"attachment-original size-original wp-post-image\" alt=\"\" srcset=\"https:\/\/cocaworlds.org\/wp-content\/uploads\/2026\/03\/Los-Confundidos-II.jpeg 1600w, https:\/\/cocaworlds.org\/wp-content\/uploads\/2026\/03\/Los-Confundidos-II-300x169.jpeg 300w, https:\/\/cocaworlds.org\/wp-content\/uploads\/2026\/03\/Los-Confundidos-II-1024x576.jpeg 1024w, https:\/\/cocaworlds.org\/wp-content\/uploads\/2026\/03\/Los-Confundidos-II-768x432.jpeg 768w, https:\/\/cocaworlds.org\/wp-content\/uploads\/2026\/03\/Los-Confundidos-II-1536x864.jpeg 1536w, https:\/\/cocaworlds.org\/wp-content\/uploads\/2026\/03\/Los-Confundidos-II-18x10.jpeg 18w\" sizes=\"auto, (max-width: 1600px) 100vw, 1600px\" \/>\t\t\t\t\t\t\t<\/a>\n  \t\t\t\t\t\t\t<div class=\"overlay\" style=\"background-color: rgba(117, 117, 117, 0)\"><\/div>  \t\t\t\t\t\t\t  \t\t\t\t\t\t<\/div>\n  \t\t\t\t\t\t  \t\t\t\t\t<\/div>\n          \t\t\t\t\t<div class=\"box-text text-left\" >\n\t\t\t\t\t<div class=\"box-text-inner blog-post-inner\">\n\n\t\t\t\t\t\n\t\t\t\t\t\t\t\t\t\t<h5 class=\"post-title is-xlarge\">\n\t\t\t\t\t\t<a href=\"https:\/\/cocaworlds.org\/es\/los-confundidos-the-confused-a-documentary-about-coca-at-the-un\/\" class=\"plain\">\u201cLos Confundidos\u201d: un documental sobre la coca en la ONU<\/a>\n\t\t\t\t\t<\/h5>\n\t\t\t\t\t<div class=\"post-meta is-small op-8\">marzo 12, 2026<\/div>\t\t\t\t\t<div class=\"is-divider\"><\/div>\n\t\t\t\t\t\t\t\t\t\t<p class=\"from_the_blog_excerpt\">\n\t\t\t\t\t\tFor over 60 years, decisions about the coca leaf have been made in rooms far from the Andes \u2014 without the people who...\t\t\t\t\t<\/p>\n\t\t\t\t\t                    \n\t\t\t\t\t\n\t\t\t\t\t\n\t\t\t\t\t<\/div>\n\t\t\t\t\t<\/div>\n\t\t\t\t\t\t\t\t\t<\/div>\n\t\t\t<\/div>\n\t\t<\/div><div class=\"col post-item\" >\n\t\t\t<div class=\"col-inner\">\n\t\t\t\t<div class=\"box box-normal box-text-bottom box-blog-post has-hover\">\n            \t\t\t\t\t<div class=\"box-image\" >\n  \t\t\t\t\t\t<div class=\"image-glow image-glow image-cover\" style=\"padding-top:40%;\">\n\t\t\t\t\t\t\t<a href=\"https:\/\/cocaworlds.org\/es\/painting-as-a-way-of-mambear-the-world\/\" class=\"plain\" aria-label=\"Aimema \u00daai: pintar como forma de mambear el mundo\">\n\t\t\t\t\t\t\t\t<img loading=\"lazy\" decoding=\"async\" width=\"2560\" height=\"1707\" src=\"https:\/\/cocaworlds.org\/wp-content\/uploads\/2026\/01\/Aimema-Blog-3-scaled.jpg\" class=\"attachment-original size-original wp-post-image\" alt=\"\" srcset=\"https:\/\/cocaworlds.org\/wp-content\/uploads\/2026\/01\/Aimema-Blog-3-scaled.jpg 2560w, https:\/\/cocaworlds.org\/wp-content\/uploads\/2026\/01\/Aimema-Blog-3-300x200.jpg 300w, https:\/\/cocaworlds.org\/wp-content\/uploads\/2026\/01\/Aimema-Blog-3-1024x683.jpg 1024w, https:\/\/cocaworlds.org\/wp-content\/uploads\/2026\/01\/Aimema-Blog-3-768x512.jpg 768w, https:\/\/cocaworlds.org\/wp-content\/uploads\/2026\/01\/Aimema-Blog-3-1536x1024.jpg 1536w, https:\/\/cocaworlds.org\/wp-content\/uploads\/2026\/01\/Aimema-Blog-3-2048x1365.jpg 2048w, https:\/\/cocaworlds.org\/wp-content\/uploads\/2026\/01\/Aimema-Blog-3-18x12.jpg 18w\" sizes=\"auto, (max-width: 2560px) 100vw, 2560px\" \/>\t\t\t\t\t\t\t<\/a>\n  \t\t\t\t\t\t\t<div class=\"overlay\" style=\"background-color: rgba(117, 117, 117, 0)\"><\/div>  \t\t\t\t\t\t\t  \t\t\t\t\t\t<\/div>\n  \t\t\t\t\t\t  \t\t\t\t\t<\/div>\n          \t\t\t\t\t<div class=\"box-text text-left\" >\n\t\t\t\t\t<div class=\"box-text-inner blog-post-inner\">\n\n\t\t\t\t\t\n\t\t\t\t\t\t\t\t\t\t<h5 class=\"post-title is-xlarge\">\n\t\t\t\t\t\t<a href=\"https:\/\/cocaworlds.org\/es\/painting-as-a-way-of-mambear-the-world\/\" class=\"plain\">Aimema \u00daai: pintar como forma de mambear el mundo<\/a>\n\t\t\t\t\t<\/h5>\n\t\t\t\t\t<div class=\"post-meta is-small op-8\">Enero 15, 2026<\/div>\t\t\t\t\t<div class=\"is-divider\"><\/div>\n\t\t\t\t\t\t\t\t\t\t<p class=\"from_the_blog_excerpt\">\n\t\t\t\t\t\tEste texto fue el primer art\u00edculo que escrib\u00ed tras ser seleccionada como parte de la cohorte 2025\u20132026 de Journal Forging, el programa de escritura y acompa\u00f1amiento editorial de Forge Project, en Nueva York (EE.UU).\t\t\t\t\t<\/p>\n\t\t\t\t\t                    \n\t\t\t\t\t\n\t\t\t\t\t\n\t\t\t\t\t<\/div>\n\t\t\t\t\t<\/div>\n\t\t\t\t\t\t\t\t\t<\/div>\n\t\t\t<\/div>\n\t\t<\/div><div class=\"col post-item\" >\n\t\t\t<div class=\"col-inner\">\n\t\t\t\t<div class=\"box box-normal box-text-bottom box-blog-post has-hover\">\n            \t\t\t\t\t<div class=\"box-image\" >\n  \t\t\t\t\t\t<div class=\"image-glow image-glow image-cover\" style=\"padding-top:40%;\">\n\t\t\t\t\t\t\t<a href=\"https:\/\/cocaworlds.org\/es\/mama-coca-and-the-futures-we-have-yet-to-imagine\/\" class=\"plain\" aria-label=\"Mama Coca y los futuros que a\u00fan no imaginamos\">\n\t\t\t\t\t\t\t\t<img loading=\"lazy\" decoding=\"async\" width=\"1416\" height=\"796\" src=\"https:\/\/cocaworlds.org\/wp-content\/uploads\/2026\/01\/three-horizons-board-on-the-event-watch-and-talk.webp\" class=\"attachment-original size-original wp-post-image\" alt=\"\" srcset=\"https:\/\/cocaworlds.org\/wp-content\/uploads\/2026\/01\/three-horizons-board-on-the-event-watch-and-talk.webp 1416w, https:\/\/cocaworlds.org\/wp-content\/uploads\/2026\/01\/three-horizons-board-on-the-event-watch-and-talk-300x169.webp 300w, https:\/\/cocaworlds.org\/wp-content\/uploads\/2026\/01\/three-horizons-board-on-the-event-watch-and-talk-1024x576.webp 1024w, https:\/\/cocaworlds.org\/wp-content\/uploads\/2026\/01\/three-horizons-board-on-the-event-watch-and-talk-768x432.webp 768w, https:\/\/cocaworlds.org\/wp-content\/uploads\/2026\/01\/three-horizons-board-on-the-event-watch-and-talk-18x10.webp 18w\" sizes=\"auto, (max-width: 1416px) 100vw, 1416px\" \/>\t\t\t\t\t\t\t<\/a>\n  \t\t\t\t\t\t\t<div class=\"overlay\" style=\"background-color: rgba(117, 117, 117, 0)\"><\/div>  \t\t\t\t\t\t\t  \t\t\t\t\t\t<\/div>\n  \t\t\t\t\t\t  \t\t\t\t\t<\/div>\n          \t\t\t\t\t<div class=\"box-text text-left\" >\n\t\t\t\t\t<div class=\"box-text-inner blog-post-inner\">\n\n\t\t\t\t\t\n\t\t\t\t\t\t\t\t\t\t<h5 class=\"post-title is-xlarge\">\n\t\t\t\t\t\t<a href=\"https:\/\/cocaworlds.org\/es\/mama-coca-and-the-futures-we-have-yet-to-imagine\/\" class=\"plain\">Mama Coca y los futuros que a\u00fan no imaginamos<\/a>\n\t\t\t\t\t<\/h5>\n\t\t\t\t\t<div class=\"post-meta is-small op-8\">Enero 7, 2026<\/div>\t\t\t\t\t<div class=\"is-divider\"><\/div>\n\t\t\t\t\t\t\t\t\t\t<p class=\"from_the_blog_excerpt\">\n\t\t\t\t\t\t\u00bfQu\u00e9 pasar\u00eda si pens\u00e1ramos el futuro de la hoja de coca m\u00e1s all\u00e1 de la prohibici\u00f3n, el estigma y las narrativas heredadas?\t\t\t\t\t<\/p>\n\t\t\t\t\t                    \n\t\t\t\t\t\n\t\t\t\t\t\n\t\t\t\t\t<\/div>\n\t\t\t\t\t<\/div>\n\t\t\t\t\t\t\t\t\t<\/div>\n\t\t\t<\/div>\n\t\t<\/div><\/div>\n\t\t<\/div>\n\t\t\t\t\t<\/div>\n\n\t\n<\/div>\n\t<div id=\"gap-1527786220\" class=\"gap-element clearfix\" style=\"display:block; height:auto;\">\n\t\t\n<style>\n#gap-1527786220 {\n  padding-top: 100px;\n}\n<\/style>\n\t<\/div>\n\t\n\t\t<\/div>\n\n\t\t\n<style>\n#section_652086608 {\n  padding-top: 30px;\n  padding-bottom: 30px;\n}\n@media (min-width:550px) {\n  #section_652086608 {\n    padding-top: 60px;\n    padding-bottom: 60px;\n  }\n}\n<\/style>\n\t<\/section>","protected":false},"excerpt":{"rendered":"","protected":false},"author":2,"featured_media":4184,"parent":5,"menu_order":7,"comment_status":"closed","ping_status":"closed","template":"page-blank.php","meta":{"footnotes":""},"class_list":["post-1714","page","type-page","status-publish","has-post-thumbnail","hentry"],"yoast_head":"<!-- This site is optimized with the Yoast SEO plugin v27.4 - https:\/\/yoast.com\/product\/yoast-seo-wordpress\/ -->\n<title>Blog - COCAWORLDS<\/title>\n<meta name=\"robots\" content=\"index, follow, max-snippet:-1, max-image-preview:large, max-video-preview:-1\" \/>\n<link rel=\"canonical\" href=\"https:\/\/cocaworlds.org\/es\/home\/blog\/\" \/>\n<meta property=\"og:locale\" content=\"es_ES\" \/>\n<meta property=\"og:type\" content=\"article\" \/>\n<meta property=\"og:title\" content=\"Blog - COCAWORLDS\" \/>\n<meta property=\"og:url\" content=\"https:\/\/cocaworlds.org\/es\/home\/blog\/\" \/>\n<meta property=\"og:site_name\" content=\"COCAWORLDS\" \/>\n<meta property=\"article:modified_time\" content=\"2026-03-12T22:17:57+00:00\" \/>\n<meta property=\"og:image\" content=\"https:\/\/cocaworlds.org\/wp-content\/uploads\/2026\/01\/COCAWORLDS.jpeg\" \/>\n\t<meta property=\"og:image:width\" content=\"1134\" \/>\n\t<meta property=\"og:image:height\" content=\"540\" \/>\n\t<meta property=\"og:image:type\" content=\"image\/jpeg\" \/>\n<meta name=\"twitter:card\" content=\"summary_large_image\" \/>\n<meta name=\"twitter:title\" content=\"Blog - COCAWORLDS\" \/>\n<meta name=\"twitter:image\" content=\"https:\/\/cocaworlds.org\/wp-content\/uploads\/2026\/01\/COCAWORLDS.jpeg\" \/>\n<meta name=\"twitter:label1\" content=\"Tiempo de lectura\" \/>\n\t<meta name=\"twitter:data1\" content=\"1 minuto\" \/>\n<script type=\"application\/ld+json\" class=\"yoast-schema-graph\">{\"@context\":\"https:\\\/\\\/schema.org\",\"@graph\":[{\"@type\":\"WebPage\",\"@id\":\"https:\\\/\\\/cocaworlds.org\\\/home\\\/blog\\\/\",\"url\":\"https:\\\/\\\/cocaworlds.org\\\/home\\\/blog\\\/\",\"name\":\"Blog - COCAWORLDS\",\"isPartOf\":{\"@id\":\"https:\\\/\\\/cocaworlds.org\\\/#website\"},\"primaryImageOfPage\":{\"@id\":\"https:\\\/\\\/cocaworlds.org\\\/home\\\/blog\\\/#primaryimage\"},\"image\":{\"@id\":\"https:\\\/\\\/cocaworlds.org\\\/home\\\/blog\\\/#primaryimage\"},\"thumbnailUrl\":\"https:\\\/\\\/cocaworlds.org\\\/wp-content\\\/uploads\\\/2026\\\/01\\\/COCAWORLDS.jpeg\",\"datePublished\":\"2025-12-30T18:22:36+00:00\",\"dateModified\":\"2026-03-12T22:17:57+00:00\",\"breadcrumb\":{\"@id\":\"https:\\\/\\\/cocaworlds.org\\\/home\\\/blog\\\/#breadcrumb\"},\"inLanguage\":\"es-CO\",\"potentialAction\":[{\"@type\":\"ReadAction\",\"target\":[\"https:\\\/\\\/cocaworlds.org\\\/home\\\/blog\\\/\"]}]},{\"@type\":\"ImageObject\",\"inLanguage\":\"es-CO\",\"@id\":\"https:\\\/\\\/cocaworlds.org\\\/home\\\/blog\\\/#primaryimage\",\"url\":\"https:\\\/\\\/cocaworlds.org\\\/wp-content\\\/uploads\\\/2026\\\/01\\\/COCAWORLDS.jpeg\",\"contentUrl\":\"https:\\\/\\\/cocaworlds.org\\\/wp-content\\\/uploads\\\/2026\\\/01\\\/COCAWORLDS.jpeg\",\"width\":1134,\"height\":540},{\"@type\":\"BreadcrumbList\",\"@id\":\"https:\\\/\\\/cocaworlds.org\\\/home\\\/blog\\\/#breadcrumb\",\"itemListElement\":[{\"@type\":\"ListItem\",\"position\":1,\"name\":\"Home\",\"item\":\"https:\\\/\\\/cocaworlds.org\\\/\"},{\"@type\":\"ListItem\",\"position\":2,\"name\":\"Home\",\"item\":\"https:\\\/\\\/cocaworlds.org\\\/\"},{\"@type\":\"ListItem\",\"position\":3,\"name\":\"Blog\"}]},{\"@type\":\"WebSite\",\"@id\":\"https:\\\/\\\/cocaworlds.org\\\/#website\",\"url\":\"https:\\\/\\\/cocaworlds.org\\\/\",\"name\":\"COCAWORLDS\",\"description\":\"\",\"potentialAction\":[{\"@type\":\"SearchAction\",\"target\":{\"@type\":\"EntryPoint\",\"urlTemplate\":\"https:\\\/\\\/cocaworlds.org\\\/?s={search_term_string}\"},\"query-input\":{\"@type\":\"PropertyValueSpecification\",\"valueRequired\":true,\"valueName\":\"search_term_string\"}}],\"inLanguage\":\"es-CO\"}]}<\/script>\n<!-- \/ Yoast SEO plugin. -->","yoast_head_json":{"title":"Blog - COCAWORLDS","robots":{"index":"index","follow":"follow","max-snippet":"max-snippet:-1","max-image-preview":"max-image-preview:large","max-video-preview":"max-video-preview:-1"},"canonical":"https:\/\/cocaworlds.org\/es\/home\/blog\/","og_locale":"es_ES","og_type":"article","og_title":"Blog - COCAWORLDS","og_url":"https:\/\/cocaworlds.org\/es\/home\/blog\/","og_site_name":"COCAWORLDS","article_modified_time":"2026-03-12T22:17:57+00:00","og_image":[{"width":1134,"height":540,"url":"https:\/\/cocaworlds.org\/wp-content\/uploads\/2026\/01\/COCAWORLDS.jpeg","type":"image\/jpeg"}],"twitter_card":"summary_large_image","twitter_title":"Blog - COCAWORLDS","twitter_image":"https:\/\/cocaworlds.org\/wp-content\/uploads\/2026\/01\/COCAWORLDS.jpeg","twitter_misc":{"Tiempo de lectura":"1 minuto"},"schema":{"@context":"https:\/\/schema.org","@graph":[{"@type":"WebPage","@id":"https:\/\/cocaworlds.org\/home\/blog\/","url":"https:\/\/cocaworlds.org\/home\/blog\/","name":"Blog - COCAWORLDS","isPartOf":{"@id":"https:\/\/cocaworlds.org\/#website"},"primaryImageOfPage":{"@id":"https:\/\/cocaworlds.org\/home\/blog\/#primaryimage"},"image":{"@id":"https:\/\/cocaworlds.org\/home\/blog\/#primaryimage"},"thumbnailUrl":"https:\/\/cocaworlds.org\/wp-content\/uploads\/2026\/01\/COCAWORLDS.jpeg","datePublished":"2025-12-30T18:22:36+00:00","dateModified":"2026-03-12T22:17:57+00:00","breadcrumb":{"@id":"https:\/\/cocaworlds.org\/home\/blog\/#breadcrumb"},"inLanguage":"es-CO","potentialAction":[{"@type":"ReadAction","target":["https:\/\/cocaworlds.org\/home\/blog\/"]}]},{"@type":"ImageObject","inLanguage":"es-CO","@id":"https:\/\/cocaworlds.org\/home\/blog\/#primaryimage","url":"https:\/\/cocaworlds.org\/wp-content\/uploads\/2026\/01\/COCAWORLDS.jpeg","contentUrl":"https:\/\/cocaworlds.org\/wp-content\/uploads\/2026\/01\/COCAWORLDS.jpeg","width":1134,"height":540},{"@type":"BreadcrumbList","@id":"https:\/\/cocaworlds.org\/home\/blog\/#breadcrumb","itemListElement":[{"@type":"ListItem","position":1,"name":"Home","item":"https:\/\/cocaworlds.org\/"},{"@type":"ListItem","position":2,"name":"Home","item":"https:\/\/cocaworlds.org\/"},{"@type":"ListItem","position":3,"name":"Blog"}]},{"@type":"WebSite","@id":"https:\/\/cocaworlds.org\/#website","url":"https:\/\/cocaworlds.org\/","name":"COCAWORLDS","description":"","potentialAction":[{"@type":"SearchAction","target":{"@type":"EntryPoint","urlTemplate":"https:\/\/cocaworlds.org\/?s={search_term_string}"},"query-input":{"@type":"PropertyValueSpecification","valueRequired":true,"valueName":"search_term_string"}}],"inLanguage":"es-CO"}]}},"_hostinger_reach_plugin_has_subscription_block":false,"_hostinger_reach_plugin_is_elementor":false,"wps_subtitle":"","_links":{"self":[{"href":"https:\/\/cocaworlds.org\/es\/wp-json\/wp\/v2\/pages\/1714","targetHints":{"allow":["GET"]}}],"collection":[{"href":"https:\/\/cocaworlds.org\/es\/wp-json\/wp\/v2\/pages"}],"about":[{"href":"https:\/\/cocaworlds.org\/es\/wp-json\/wp\/v2\/types\/page"}],"author":[{"embeddable":true,"href":"https:\/\/cocaworlds.org\/es\/wp-json\/wp\/v2\/users\/2"}],"replies":[{"embeddable":true,"href":"https:\/\/cocaworlds.org\/es\/wp-json\/wp\/v2\/comments?post=1714"}],"version-history":[{"count":9,"href":"https:\/\/cocaworlds.org\/es\/wp-json\/wp\/v2\/pages\/1714\/revisions"}],"predecessor-version":[{"id":4738,"href":"https:\/\/cocaworlds.org\/es\/wp-json\/wp\/v2\/pages\/1714\/revisions\/4738"}],"up":[{"embeddable":true,"href":"https:\/\/cocaworlds.org\/es\/wp-json\/wp\/v2\/pages\/5"}],"wp:featuredmedia":[{"embeddable":true,"href":"https:\/\/cocaworlds.org\/es\/wp-json\/wp\/v2\/media\/4184"}],"wp:attachment":[{"href":"https:\/\/cocaworlds.org\/es\/wp-json\/wp\/v2\/media?parent=1714"}],"curies":[{"name":"wp","href":"https:\/\/api.w.org\/{rel}","templated":true}]}}